{"id":1646,"date":"2022-12-30T19:53:57","date_gmt":"2022-12-30T18:53:57","guid":{"rendered":"https:\/\/cr-choir.choraltime.ch\/?page_id=1646"},"modified":"2026-03-01T00:38:14","modified_gmt":"2026-02-28T23:38:14","slug":"welcome","status":"publish","type":"page","link":"https:\/\/cr-choir.choraltime.ch\/fr\/","title":{"rendered":"Bienvenue"},"content":{"rendered":"<figure class=\"wp-block-image alignright size-large is-resized is-style-default\"><img loading=\"lazy\" decoding=\"async\" width=\"1024\" height=\"767\" src=\"https:\/\/cr-choir.choraltime.ch\/wp-content\/uploads\/2023\/01\/RCRC-choir-v2-1024x767.png\" alt=\"\" class=\"wp-image-1891\" style=\"width:382px;height:286px\" srcset=\"https:\/\/cr-choir.choraltime.ch\/wp-content\/uploads\/2023\/01\/RCRC-choir-v2-1024x767.png 1024w, https:\/\/cr-choir.choraltime.ch\/wp-content\/uploads\/2023\/01\/RCRC-choir-v2-300x225.png 300w, https:\/\/cr-choir.choraltime.ch\/wp-content\/uploads\/2023\/01\/RCRC-choir-v2-768x575.png 768w, https:\/\/cr-choir.choraltime.ch\/wp-content\/uploads\/2023\/01\/RCRC-choir-v2-1536x1151.png 1536w, https:\/\/cr-choir.choraltime.ch\/wp-content\/uploads\/2023\/01\/RCRC-choir-v2-2048x1535.png 2048w\" sizes=\"auto, (max-width: 1024px) 100vw, 1024px\" \/><\/figure>\n\n\n\n<p class=\"has-text-align-left has-medium-font-size\">Bienvenue dans notre chorale ! <\/p>\n\n\n\n<p class=\"has-text-align-left has-medium-font-size\">Nous nous consacrons \u00e0 la cr\u00e9ation d'une belle musique. Nous chantons <strong>Musique du monde<\/strong>, <strong>Musique pop<\/strong> et s<strong>uelques pi\u00e8ces classiques<\/strong>. Si vous aimez chanter en groupe, notre chorale est l'endroit id\u00e9al pour vous. <br><br>Nous nous r\u00e9unissons chaque semaine, le <strong>Le mardi \u00e0 l'heure du d\u00e9jeuner<\/strong>, \u00e0 <strong>Si\u00e8ge du CICR, 19 avenue de la Paix, 1202 Gen\u00e8ve<\/strong>.<\/p>\n\n\n\n<div style=\"height:16px\" aria-hidden=\"true\" class=\"wp-block-spacer\"><\/div>\n\n\n\n<div class=\"wp-block-buttons is-layout-flex wp-block-buttons-is-layout-flex\">\n<div class=\"wp-block-button\"><a class=\"wp-block-button__link has-ast-global-color-5-color has-vivid-red-background-color has-text-color has-background wp-element-button\" href=\"https:\/\/formulaires.choraltime.ch\/RCRC-contact\" style=\"border-radius:78px\">Venez \u00e0 une r\u00e9p\u00e9tition !<\/a><\/div>\n<\/div>\n\n\n\n<div style=\"height:34px\" aria-hidden=\"true\" class=\"wp-block-spacer\"><\/div>\n\n\n\n<p class=\"has-medium-font-size\">Faire partie de notre chorale est une opportunit\u00e9 fantastique pour<strong> am\u00e9liorer vos comp\u00e9tences en mati\u00e8re de chant<\/strong>, se faire de nouveaux amis, et <strong>prendre soin de sa sant\u00e9<\/strong>. Le chant lib\u00e8re des endorphines qui r\u00e9duisent les niveaux de stress et d'anxi\u00e9t\u00e9 et contribuent \u00e0 un \u00e9tat d'esprit positif. Le sentiment d'utilit\u00e9 commune cr\u00e9\u00e9 par le rassemblement harmonieux d'un groupe stimule l'humeur et le bien-\u00eatre g\u00e9n\u00e9ral.<br><br>Notre chorale est ouverte \u00e0 <strong>tous les niveaux d'exp\u00e9rience<\/strong>. Nous accueillons des chanteurs de <strong>tous les \u00e2ges et tous les milieux<\/strong>, et <strong>toutes les organisations<\/strong>. Que vous soyez un chanteur chevronn\u00e9 ou un d\u00e9butant, nous pensons que tout le monde peut cr\u00e9er de la belle musique et nous sommes impatients de vous aider \u00e0 d\u00e9couvrir tout votre potentiel.<br><br>Notre <a href=\"https:\/\/cr-choir.choraltime.ch\/fr\/conductor\/\" data-type=\"page\" data-id=\"1820\">directeur de la chorale<\/a> fournit du mat\u00e9riel (audio et vid\u00e9o) pour faciliter l'apprentissage des m\u00e9lodies, m\u00eame sans savoir lire la musique.<\/p>\n\n\n\n<p class=\"mon-blocredondo has-ast-global-color-5-color has-text-color has-background has-medium-font-size\" style=\"background-color:#964444;margin-top:0;margin-right:0;margin-bottom:0;margin-left:0;padding-top:var(--wp--preset--spacing--40);padding-right:var(--wp--preset--spacing--40);padding-bottom:var(--wp--preset--spacing--40);padding-left:var(--wp--preset--spacing--40)\">Nous vous invitons \u00e0 nous rejoindre et \u00e0 participer \u00e0 quelque chose de sp\u00e9cial. .<br>Nous sommes impatients de chanter avec vous !<\/p>\n\n\n\n<div style=\"height:13px\" aria-hidden=\"true\" class=\"wp-block-spacer\"><\/div>\n\n\n\n<p class=\"mon-blocredondo has-background has-medium-font-size\" style=\"background-color:#e7d2d2\">En savoir plus sur la <a href=\"https:\/\/cr-choir.choraltime.ch\/fr\/benefits-of-choral-singing\/\">les avantages du chant choral<\/a><\/p>\n\n\n\n<hr class=\"wp-block-separator has-alpha-channel-opacity\"\/>\n\n\n\n<figure class=\"wp-block-image size-large is-resized\"><img loading=\"lazy\" decoding=\"async\" width=\"768\" height=\"1024\" src=\"https:\/\/cr-choir.choraltime.ch\/wp-content\/uploads\/2025\/10\/CICR-Choir-Photo-Atrium_-768x1024.jpeg\" alt=\"\" class=\"wp-image-2077\" style=\"width:395px;height:auto\" srcset=\"https:\/\/cr-choir.choraltime.ch\/wp-content\/uploads\/2025\/10\/CICR-Choir-Photo-Atrium_-768x1024.jpeg 768w, https:\/\/cr-choir.choraltime.ch\/wp-content\/uploads\/2025\/10\/CICR-Choir-Photo-Atrium_-225x300.jpeg 225w, https:\/\/cr-choir.choraltime.ch\/wp-content\/uploads\/2025\/10\/CICR-Choir-Photo-Atrium_-1152x1536.jpeg 1152w, https:\/\/cr-choir.choraltime.ch\/wp-content\/uploads\/2025\/10\/CICR-Choir-Photo-Atrium_.jpeg 1200w\" sizes=\"auto, (max-width: 768px) 100vw, 768px\" \/><\/figure>\n\n\n\n<p>Chorale du CRR <strong>\u201cAllez, viens\u201d<\/strong> (extrait) - AUDIO <\/p>\n\n\n\n<h2 class=\"wp-block-heading\">Notre prochain concert au si\u00e8ge du RCRC ! :<\/h2>\n\n\n\n<figure class=\"wp-block-image aligncenter size-large is-resized\"><img loading=\"lazy\" decoding=\"async\" width=\"724\" height=\"1024\" src=\"https:\/\/cr-choir.choraltime.ch\/wp-content\/uploads\/2025\/06\/Affiche-2025-724x1024.png\" alt=\"\" class=\"wp-image-2067\" style=\"width:417px;height:auto\" srcset=\"https:\/\/cr-choir.choraltime.ch\/wp-content\/uploads\/2025\/06\/Affiche-2025-724x1024.png 724w, https:\/\/cr-choir.choraltime.ch\/wp-content\/uploads\/2025\/06\/Affiche-2025-212x300.png 212w, https:\/\/cr-choir.choraltime.ch\/wp-content\/uploads\/2025\/06\/Affiche-2025-768x1086.png 768w, https:\/\/cr-choir.choraltime.ch\/wp-content\/uploads\/2025\/06\/Affiche-2025-1086x1536.png 1086w, https:\/\/cr-choir.choraltime.ch\/wp-content\/uploads\/2025\/06\/Affiche-2025.png 1414w\" sizes=\"auto, (max-width: 724px) 100vw, 724px\" \/><\/figure>\n\n\n\n<iframe loading=\"lazy\" width=\"560\" height=\"315\" src=\"https:\/\/www.youtube.com\/embed\/0m9kTTWzUu4?si=Un2aMPpFU6vZ5XLl\" title=\"Lecteur vid\u00e9o YouTube\" frameborder=\"0\" allow=\"accelerometer; autoplay; clipboard-write; encrypted-media; gyroscope; picture-in-picture; web-share\" referrerpolicy=\"strict-origin-when-cross-origin\" allowfullscreen><\/iframe>\n\n\n\n<hr class=\"wp-block-separator has-alpha-channel-opacity\"\/>\n\n\n\n<div style=\"position: relative; padding-top: 150px;\"><iframe src=\"https:\/\/iframe.mediadelivery.net\/embed\/85330\/6e106bce-2a9b-49ed-a9e2-d75b826874a2?autoplay=false\" loading=\"lazy\" style=\"border: none; position: absolute; top: 0; height: 400; width: 300;\" allow=\"accelerometer; gyroscope; autoplay; encrypted-media; picture-in-picture;\" allowfullscreen=\"true\"><\/iframe><\/div>\n\n\n\n<div style=\"height:30px\" aria-hidden=\"true\" class=\"wp-block-spacer\"><\/div>\n\n\n\n<p>Chorale du CRR - extraits VID\u00c9O <strong>\u201cSummertime\u201d<\/strong>, <strong>\u201cChamps d'or\u201d<\/strong>, <strong>\u201cNous sommes les champions\u201d<\/strong> et un <strong>deux chansons traditionnelles sud-am\u00e9ricaines<\/strong><\/p>\n\n\n\n<div style=\"position: relative; padding-top: 300px;\"><iframe src=\"https:\/\/iframe.mediadelivery.net\/embed\/85330\/6d4a4a35-2800-4ea0-a0c1-7327ca32db28?autoplay=false\" loading=\"lazy\" style=\"border: none; position: absolute; top: 0; height: 80%; width: 45%\" allow=\"accelerometer; gyroscope; autoplay; encrypted-media; picture-in-picture;\" allowfullscreen=\"true\"><\/iframe><\/div>\n\n\n\n<p><\/p>","protected":false},"excerpt":{"rendered":"<p>Welcome to our choir! We are dedicated to creating beautiful music. We sing World Music, Pop music and some classical pieces. If you love to sing in a group, our choir is the perfect place for you. We meet on a weekly basis, on Tuesdays over lunchtime, at ICRC headquarters, 19 avenue de la Paix, [&hellip;]<\/p>\n","protected":false},"author":2,"featured_media":0,"parent":0,"menu_order":0,"comment_status":"closed","ping_status":"closed","template":"","meta":{"site-sidebar-layout":"default","site-content-layout":"","ast-site-content-layout":"default","site-content-style":"default","site-sidebar-style":"default","ast-global-header-display":"","ast-banner-title-visibility":"","ast-main-header-display":"","ast-hfb-above-header-display":"","ast-hfb-below-header-display":"","ast-hfb-mobile-header-display":"","site-post-title":"disabled","ast-breadcrumbs-content":"","ast-featured-img":"","footer-sml-layout":"","theme-transparent-header-meta":"","adv-header-id-meta":"","stick-header-meta":"","header-above-stick-meta":"","header-main-stick-meta":"","header-below-stick-meta":"","astra-migrate-meta-layouts":"set","ast-page-background-enabled":"default","ast-page-background-meta":{"desktop":{"background-color":"var(--ast-global-color-4)","background-image":"","background-repeat":"repeat","background-position":"center center","background-size":"auto","background-attachment":"scroll","background-type":"","background-media":"","overlay-type":"","overlay-color":"","overlay-gradient":""},"tablet":{"background-color":"","background-image":"","background-repeat":"repeat","background-position":"center center","background-size":"auto","background-attachment":"scroll","background-type":"","background-media":"","overlay-type":"","overlay-color":"","overlay-gradient":""},"mobile":{"background-color":"","background-image":"","background-repeat":"repeat","background-position":"center center","background-size":"auto","background-attachment":"scroll","background-type":"","background-media":"","overlay-type":"","overlay-color":"","overlay-gradient":""}},"ast-content-background-meta":{"desktop":{"background-color":"var(--ast-global-color-5)","background-image":"","background-repeat":"repeat","background-position":"center center","background-size":"auto","background-attachment":"scroll","background-type":"","background-media":"","overlay-type":"","overlay-color":"","overlay-gradient":""},"tablet":{"background-color":"var(--ast-global-color-5)","background-image":"","background-repeat":"repeat","background-position":"center center","background-size":"auto","background-attachment":"scroll","background-type":"","background-media":"","overlay-type":"","overlay-color":"","overlay-gradient":""},"mobile":{"background-color":"var(--ast-global-color-5)","background-image":"","background-repeat":"repeat","background-position":"center center","background-size":"auto","background-attachment":"scroll","background-type":"","background-media":"","overlay-type":"","overlay-color":"","overlay-gradient":""}},"footnotes":""},"class_list":["post-1646","page","type-page","status-publish","hentry"],"_links":{"self":[{"href":"https:\/\/cr-choir.choraltime.ch\/fr\/wp-json\/wp\/v2\/pages\/1646","targetHints":{"allow":["GET"]}}],"collection":[{"href":"https:\/\/cr-choir.choraltime.ch\/fr\/wp-json\/wp\/v2\/pages"}],"about":[{"href":"https:\/\/cr-choir.choraltime.ch\/fr\/wp-json\/wp\/v2\/types\/page"}],"author":[{"embeddable":true,"href":"https:\/\/cr-choir.choraltime.ch\/fr\/wp-json\/wp\/v2\/users\/2"}],"replies":[{"embeddable":true,"href":"https:\/\/cr-choir.choraltime.ch\/fr\/wp-json\/wp\/v2\/comments?post=1646"}],"version-history":[{"count":122,"href":"https:\/\/cr-choir.choraltime.ch\/fr\/wp-json\/wp\/v2\/pages\/1646\/revisions"}],"predecessor-version":[{"id":2096,"href":"https:\/\/cr-choir.choraltime.ch\/fr\/wp-json\/wp\/v2\/pages\/1646\/revisions\/2096"}],"wp:attachment":[{"href":"https:\/\/cr-choir.choraltime.ch\/fr\/wp-json\/wp\/v2\/media?parent=1646"}],"curies":[{"name":"wp","href":"https:\/\/api.w.org\/{rel}","templated":true}]}}