{"id":1659,"date":"2022-12-30T22:07:37","date_gmt":"2022-12-30T21:07:37","guid":{"rendered":"https:\/\/cr-choir.choraltime.ch\/?page_id=1659"},"modified":"2023-02-05T12:58:36","modified_gmt":"2023-02-05T11:58:36","slug":"benefits-of-choral-singing","status":"publish","type":"page","link":"https:\/\/cr-choir.choraltime.ch\/fr\/benefits-of-choral-singing\/","title":{"rendered":"Avantages du chant choral"},"content":{"rendered":"<p class=\"has-text-align-right has-ast-global-color-6-background-color has-background has-medium-font-size\">Il a \u00e9t\u00e9 d\u00e9montr\u00e9 que le fait de chanter dans une chorale permet de <strong>r\u00e9duire le stress, am\u00e9liorer l'humeur et renforcer le syst\u00e8me immunitaire<\/strong> et<br>peut vous aider \u00e0 d\u00e9velopper de meilleures <strong>comp\u00e9tences en mati\u00e8re de communication<\/strong>, <strong>bien travailler avec les autres<\/strong>, et construire un <strong>le sens de la communaut\u00e9<\/strong>.<br>Le chant peut vous aider <strong>gagner en confiance<\/strong> de votre capacit\u00e9 \u00e0 chanter et de votre performance globale.<br>Chanter peut aider <strong>am\u00e9liorer notre m\u00e9moire <\/strong>et <strong>la fonction cognitive<\/strong>, surtout avec l'\u00e2ge.<\/p>\n\n\n\n<div class=\"wp-block-cover is-light wp-duotone-unset-1\" style=\"min-height:383px;aspect-ratio:unset;\"><span aria-hidden=\"true\" class=\"wp-block-cover__background has-background-dim-0 has-background-dim\"><\/span><img loading=\"lazy\" decoding=\"async\" width=\"840\" height=\"540\" class=\"wp-block-cover__image-background wp-image-1660\" alt=\"\" src=\"https:\/\/cr-choir.choraltime.ch\/wp-content\/uploads\/2022\/12\/Singers.png\" style=\"object-position:52% 47%\" data-object-fit=\"cover\" data-object-position=\"52% 47%\" srcset=\"https:\/\/cr-choir.choraltime.ch\/wp-content\/uploads\/2022\/12\/Singers.png 840w, https:\/\/cr-choir.choraltime.ch\/wp-content\/uploads\/2022\/12\/Singers-300x193.png 300w, https:\/\/cr-choir.choraltime.ch\/wp-content\/uploads\/2022\/12\/Singers-768x494.png 768w\" sizes=\"auto, (max-width: 840px) 100vw, 840px\" \/><div class=\"wp-block-cover__inner-container is-layout-flow wp-block-cover-is-layout-flow\">\n<p class=\"has-text-align-center has-x-large-font-size\">Chanter dans une chorale...<\/p>\n<\/div><\/div>\n\n\n\n<p class=\"has-text-align-left has-ast-global-color-7-color has-ast-global-color-6-background-color has-text-color has-background has-medium-font-size\"><strong>La possibilit\u00e9 d'apprendre<\/strong>Le chant : chanter dans une chorale nous donne l'occasion de <strong>apprendre de nouvelles musiques et am\u00e9liorer nos comp\u00e9tences vocales<\/strong>.<br><strong>La joie de faire de la musique<\/strong>: l'un des <strong>le plus gratifiant <\/strong>de la signature chorale est la possibilit\u00e9 de <strong>cr\u00e9er de la belle musique avec d'autres<\/strong>. <br><strong>La possibilit\u00e9 de se produire<\/strong>: les ch\u0153urs ont souvent <strong>la possibilit\u00e9 de se produire devant un public<\/strong>, Ce qui peut \u00eatre une exp\u00e9rience passionnante.<\/p>\n\n\n\n<h2 class=\"wp-block-heading\">Liens externes<\/h2>\n\n\n\n<div style=\"height:8px\" aria-hidden=\"true\" class=\"wp-block-spacer\"><\/div>\n\n\n\n<ul class=\"wp-block-list\">\n<li><a href=\"https:\/\/www.ox.ac.uk\/research\/choir-singing-improves-health-happiness-%E2%80%93-and-perfect-icebreaker\" target=\"_blank\" rel=\"noreferrer noopener\">Le chant choral am\u00e9liore la sant\u00e9 et le bonheur<\/a> (Universit\u00e9 d'Oxford)<\/li>\n\n\n\n<li><a rel=\"noreferrer noopener\" href=\"https:\/\/www.creativityaustralia.org.au\/wp-content\/uploads\/2012\/05\/choral-singing-and-psychological-wellbeing-clift-et-al-20071.pdf\" target=\"_blank\">Chant choral et bien-\u00eatre psychologique<\/a> (Symposium international sur la science de la performance)<\/li>\n\n\n\n<li><a href=\"https:\/\/www.singireland.ie\/participation\/benefits-of-singing\" target=\"_blank\" rel=\"noreferrer noopener\">5 avantages de chanter dans une chorale<\/a><\/li>\n\n\n\n<li><a href=\"https:\/\/journals.sagepub.com\/doi\/full\/10.1177\/03057356211026377\" target=\"_blank\" rel=\"noreferrer noopener\">Chant choral et bien-\u00eatre personnel<\/a><\/li>\n\n\n\n<li><a rel=\"noreferrer noopener\" href=\"https:\/\/www.nature.com\/articles\/s41599-020-00549-0\" target=\"_blank\">Avantages d\u00e9coulant de la participation \u00e0 un groupe de chant<\/a><\/li>\n\n\n\n<li><a href=\"https:\/\/www.thetabernaclechoir.org\/articles\/6-emotional-and-physical-benefits-of-choral-singing.html\" target=\"_blank\" rel=\"noreferrer noopener\">Les bienfaits \u00e9motionnels et physiques du chant choral<\/a><\/li>\n<\/ul>\n\n\n\n<div style=\"height:29px\" aria-hidden=\"true\" class=\"wp-block-spacer\"><\/div>\n\n\n\n<div class=\"wp-block-buttons is-layout-flex wp-block-buttons-is-layout-flex\">\n<div class=\"wp-block-button has-custom-font-size has-medium-font-size\"><a class=\"wp-block-button__link has-vivid-red-background-color has-background wp-element-button\" href=\"https:\/\/cr-choir.choraltime.ch\/fr\/contact\/\" style=\"border-radius:13px;padding-top:var(--wp--preset--spacing--30);padding-right:var(--wp--preset--spacing--30);padding-bottom:var(--wp--preset--spacing--30);padding-left:var(--wp--preset--spacing--30)\">Contactez nous !<\/a><\/div>\n<\/div>\n\n\n\n<p><\/p>","protected":false},"excerpt":{"rendered":"<p>Singing in a choir has been shown to reduce stress, improve mood, and boost the immune system andcan help you develop better communication skills, work well with others, and build a sense of community.Singing can help you gain confidence in your singing ability and your overall performance.Singing can help improve our memory and cognitive function, [&hellip;]<\/p>\n","protected":false},"author":2,"featured_media":0,"parent":0,"menu_order":0,"comment_status":"closed","ping_status":"closed","template":"","meta":{"site-sidebar-layout":"default","site-content-layout":"","ast-site-content-layout":"","site-content-style":"default","site-sidebar-style":"default","ast-global-header-display":"","ast-banner-title-visibility":"","ast-main-header-display":"","ast-hfb-above-header-display":"","ast-hfb-below-header-display":"","ast-hfb-mobile-header-display":"","site-post-title":"","ast-breadcrumbs-content":"","ast-featured-img":"","footer-sml-layout":"","theme-transparent-header-meta":"","adv-header-id-meta":"","stick-header-meta":"","header-above-stick-meta":"","header-main-stick-meta":"","header-below-stick-meta":"","astra-migrate-meta-layouts":"default","ast-page-background-enabled":"default","ast-page-background-meta":{"desktop":{"background-color":"var(--ast-global-color-4)","background-image":"","background-repeat":"repeat","background-position":"center center","background-size":"auto","background-attachment":"scroll","background-type":"","background-media":"","overlay-type":"","overlay-color":"","overlay-gradient":""},"tablet":{"background-color":"","background-image":"","background-repeat":"repeat","background-position":"center center","background-size":"auto","background-attachment":"scroll","background-type":"","background-media":"","overlay-type":"","overlay-color":"","overlay-gradient":""},"mobile":{"background-color":"","background-image":"","background-repeat":"repeat","background-position":"center center","background-size":"auto","background-attachment":"scroll","background-type":"","background-media":"","overlay-type":"","overlay-color":"","overlay-gradient":""}},"ast-content-background-meta":{"desktop":{"background-color":"var(--ast-global-color-5)","background-image":"","background-repeat":"repeat","background-position":"center center","background-size":"auto","background-attachment":"scroll","background-type":"","background-media":"","overlay-type":"","overlay-color":"","overlay-gradient":""},"tablet":{"background-color":"var(--ast-global-color-5)","background-image":"","background-repeat":"repeat","background-position":"center center","background-size":"auto","background-attachment":"scroll","background-type":"","background-media":"","overlay-type":"","overlay-color":"","overlay-gradient":""},"mobile":{"background-color":"var(--ast-global-color-5)","background-image":"","background-repeat":"repeat","background-position":"center center","background-size":"auto","background-attachment":"scroll","background-type":"","background-media":"","overlay-type":"","overlay-color":"","overlay-gradient":""}},"footnotes":""},"class_list":["post-1659","page","type-page","status-publish","hentry"],"_links":{"self":[{"href":"https:\/\/cr-choir.choraltime.ch\/fr\/wp-json\/wp\/v2\/pages\/1659","targetHints":{"allow":["GET"]}}],"collection":[{"href":"https:\/\/cr-choir.choraltime.ch\/fr\/wp-json\/wp\/v2\/pages"}],"about":[{"href":"https:\/\/cr-choir.choraltime.ch\/fr\/wp-json\/wp\/v2\/types\/page"}],"author":[{"embeddable":true,"href":"https:\/\/cr-choir.choraltime.ch\/fr\/wp-json\/wp\/v2\/users\/2"}],"replies":[{"embeddable":true,"href":"https:\/\/cr-choir.choraltime.ch\/fr\/wp-json\/wp\/v2\/comments?post=1659"}],"version-history":[{"count":27,"href":"https:\/\/cr-choir.choraltime.ch\/fr\/wp-json\/wp\/v2\/pages\/1659\/revisions"}],"predecessor-version":[{"id":1913,"href":"https:\/\/cr-choir.choraltime.ch\/fr\/wp-json\/wp\/v2\/pages\/1659\/revisions\/1913"}],"wp:attachment":[{"href":"https:\/\/cr-choir.choraltime.ch\/fr\/wp-json\/wp\/v2\/media?parent=1659"}],"curies":[{"name":"wp","href":"https:\/\/api.w.org\/{rel}","templated":true}]}}