{"id":1820,"date":"2023-01-03T13:23:04","date_gmt":"2023-01-03T12:23:04","guid":{"rendered":"https:\/\/cr-choir.choraltime.ch\/?page_id=1820"},"modified":"2025-06-03T16:28:55","modified_gmt":"2025-06-03T14:28:55","slug":"conductor","status":"publish","type":"page","link":"https:\/\/cr-choir.choraltime.ch\/fr\/conductor\/","title":{"rendered":"Chef d'orchestre"},"content":{"rendered":"<div class=\"wp-block-media-text alignwide is-stacked-on-mobile\" style=\"grid-template-columns:18% auto\"><figure class=\"wp-block-media-text__media\"><img loading=\"lazy\" decoding=\"async\" width=\"690\" height=\"717\" src=\"https:\/\/cr-choir.choraltime.ch\/wp-content\/uploads\/2023\/01\/alfredo_lavalley2.jpg\" alt=\"\" class=\"wp-image-1857 size-full\" srcset=\"https:\/\/cr-choir.choraltime.ch\/wp-content\/uploads\/2023\/01\/alfredo_lavalley2.jpg 690w, https:\/\/cr-choir.choraltime.ch\/wp-content\/uploads\/2023\/01\/alfredo_lavalley2-289x300.jpg 289w\" sizes=\"auto, (max-width: 690px) 100vw, 690px\" \/><\/figure><div class=\"wp-block-media-text__content\">\n<p class=\"has-medium-font-size\"><strong>Alfredo Lavalley<\/strong> est chanteur et chef de ch\u0153ur. Il a fait ses \u00e9tudes de chant au Mexique et s'est sp\u00e9cialis\u00e9 dans le chant baroque \u00e0 l'Institut de musique de l'Universit\u00e9 de Mexico. <strong>Centre de musique ancienne<\/strong> au Conservatoire de Gen\u00e8ve. Tout au long de sa carri\u00e8re, Alfredo a eu le privil\u00e8ge de se produire avec des ensembles vocaux renomm\u00e9s et sous la direction de chefs d'orchestre estim\u00e9s lors de festivals internationaux. Sa passion pour la musique chorale s'\u00e9tend \u00e0 son r\u00f4le de chef de ch\u0153ur, o\u00f9 il dirige plusieurs ch\u0153urs genevois et organise des ateliers enrichissants. <br>Alfredo a suivi une formation \u00e0 l <strong>Ecole Nationale de Musique de Villeurbanne<\/strong>, sous la direction d'Antoine Fink. Il a ensuite poursuivi sa formation au <strong>Acad\u00e9mie chorale de Milan<\/strong> avec Marco Berrini. Enfin, en Suisse, il obtient le <strong>Brevet f\u00e9d\u00e9ral de chef de ch\u0153ur<\/strong>.<br>Il a re\u00e7u une formation sp\u00e9cialis\u00e9e en direction et p\u00e9dagogie des voix et ch\u0153urs d'enfants \u00e0 la SICS (<strong>Secr\u00e9tariat des ch\u0153urs d'enfants de Catalogne<\/strong>) en Espagne et occupe un poste de \u201cPerforming Art Teacher\u201d au Coll\u00e8ge du L\u00e9man, qui consiste \u00e0 guider les \u00e9l\u00e8ves dans leur parcours musical, en mettant l'accent sur la chorale et le chant. <br><br>Site web :<br><a href=\"http:\/\/www.alfredolavalley.ch\">www.alfredolavalley.ch<\/a><\/p>\n<\/div><\/div>","protected":false},"excerpt":{"rendered":"<p>Alfredo Lavalley is a singer and choir director. He completed his vocal studies in Mexico and further specialized in Baroque singing at the Center for Early Music in Geneva&#8217;s Conservatory. Throughout his career, Alfredo has had the privilege of performing with renowned vocal ensembles and under the guidance of esteemed conductors at international festivals. His [&hellip;]<\/p>\n","protected":false},"author":2,"featured_media":0,"parent":0,"menu_order":0,"comment_status":"closed","ping_status":"closed","template":"","meta":{"site-sidebar-layout":"default","site-content-layout":"","ast-site-content-layout":"default","site-content-style":"default","site-sidebar-style":"default","ast-global-header-display":"","ast-banner-title-visibility":"","ast-main-header-display":"","ast-hfb-above-header-display":"","ast-hfb-below-header-display":"","ast-hfb-mobile-header-display":"","site-post-title":"","ast-breadcrumbs-content":"","ast-featured-img":"","footer-sml-layout":"","theme-transparent-header-meta":"","adv-header-id-meta":"","stick-header-meta":"","header-above-stick-meta":"","header-main-stick-meta":"","header-below-stick-meta":"","astra-migrate-meta-layouts":"set","ast-page-background-enabled":"default","ast-page-background-meta":{"desktop":{"background-color":"var(--ast-global-color-4)","background-image":"","background-repeat":"repeat","background-position":"center center","background-size":"auto","background-attachment":"scroll","background-type":"","background-media":"","overlay-type":"","overlay-color":"","overlay-gradient":""},"tablet":{"background-color":"","background-image":"","background-repeat":"repeat","background-position":"center center","background-size":"auto","background-attachment":"scroll","background-type":"","background-media":"","overlay-type":"","overlay-color":"","overlay-gradient":""},"mobile":{"background-color":"","background-image":"","background-repeat":"repeat","background-position":"center center","background-size":"auto","background-attachment":"scroll","background-type":"","background-media":"","overlay-type":"","overlay-color":"","overlay-gradient":""}},"ast-content-background-meta":{"desktop":{"background-color":"var(--ast-global-color-5)","background-image":"","background-repeat":"repeat","background-position":"center center","background-size":"auto","background-attachment":"scroll","background-type":"","background-media":"","overlay-type":"","overlay-color":"","overlay-gradient":""},"tablet":{"background-color":"var(--ast-global-color-5)","background-image":"","background-repeat":"repeat","background-position":"center center","background-size":"auto","background-attachment":"scroll","background-type":"","background-media":"","overlay-type":"","overlay-color":"","overlay-gradient":""},"mobile":{"background-color":"var(--ast-global-color-5)","background-image":"","background-repeat":"repeat","background-position":"center center","background-size":"auto","background-attachment":"scroll","background-type":"","background-media":"","overlay-type":"","overlay-color":"","overlay-gradient":""}},"footnotes":""},"class_list":["post-1820","page","type-page","status-publish","hentry"],"_links":{"self":[{"href":"https:\/\/cr-choir.choraltime.ch\/fr\/wp-json\/wp\/v2\/pages\/1820","targetHints":{"allow":["GET"]}}],"collection":[{"href":"https:\/\/cr-choir.choraltime.ch\/fr\/wp-json\/wp\/v2\/pages"}],"about":[{"href":"https:\/\/cr-choir.choraltime.ch\/fr\/wp-json\/wp\/v2\/types\/page"}],"author":[{"embeddable":true,"href":"https:\/\/cr-choir.choraltime.ch\/fr\/wp-json\/wp\/v2\/users\/2"}],"replies":[{"embeddable":true,"href":"https:\/\/cr-choir.choraltime.ch\/fr\/wp-json\/wp\/v2\/comments?post=1820"}],"version-history":[{"count":18,"href":"https:\/\/cr-choir.choraltime.ch\/fr\/wp-json\/wp\/v2\/pages\/1820\/revisions"}],"predecessor-version":[{"id":2063,"href":"https:\/\/cr-choir.choraltime.ch\/fr\/wp-json\/wp\/v2\/pages\/1820\/revisions\/2063"}],"wp:attachment":[{"href":"https:\/\/cr-choir.choraltime.ch\/fr\/wp-json\/wp\/v2\/media?parent=1820"}],"curies":[{"name":"wp","href":"https:\/\/api.w.org\/{rel}","templated":true}]}}