{"id":1846,"date":"2023-01-11T18:47:33","date_gmt":"2023-01-11T17:47:33","guid":{"rendered":"https:\/\/cr-choir.choraltime.ch\/?page_id=1846"},"modified":"2025-08-13T15:01:51","modified_gmt":"2025-08-13T13:01:51","slug":"membership-fee","status":"publish","type":"page","link":"https:\/\/cr-choir.choraltime.ch\/fr\/membership-fee\/","title":{"rendered":"Frais d'adh\u00e9sion"},"content":{"rendered":"<figure class=\"wp-block-image alignleft size-full is-resized\"><img loading=\"lazy\" decoding=\"async\" width=\"818\" height=\"644\" src=\"https:\/\/cr-choir.choraltime.ch\/wp-content\/uploads\/2023\/01\/Logo.members3.png\" alt=\"\" class=\"wp-image-1853\" style=\"width:144px;height:113px\" srcset=\"https:\/\/cr-choir.choraltime.ch\/wp-content\/uploads\/2023\/01\/Logo.members3.png 818w, https:\/\/cr-choir.choraltime.ch\/wp-content\/uploads\/2023\/01\/Logo.members3-300x236.png 300w, https:\/\/cr-choir.choraltime.ch\/wp-content\/uploads\/2023\/01\/Logo.members3-768x605.png 768w\" sizes=\"auto, (max-width: 818px) 100vw, 818px\" \/><\/figure>\n\n\n\n<p class=\"has-medium-font-size\">Les membres sont invit\u00e9s \u00e0 payer une cotisation fixe par semestre pour participer aux frais de fonctionnement du ch\u0153ur. Les cotisations servent \u00e0 payer les partitions, les fichiers vid\u00e9o et audio pour les r\u00e9p\u00e9titions, le travail pr\u00e9paratoire des directeurs et les r\u00e9p\u00e9titions.<br><br>Les honoraires du personnel employ\u00e9 par une organisation ou ayant pris sa retraite sont les suivants <strong>250 francs suisses<\/strong> par semestre.<br>Les honoraires des associ\u00e9s ou des stagiaires sont <strong>100 francs suisses <\/strong>pour chaque semestre.<br><br>Le semestre 2025-2 se d\u00e9roule du <strong>19 ao\u00fbt 2025<\/strong> jusqu'\u00e0 <strong>fin janvier 2026<\/strong>.<br>Le semestre 2026-1 se d\u00e9roulera du <strong>f\u00e9vrier 2026<\/strong> jusqu'\u00e0 ce que e<strong>nd of June 2026<\/strong>.<\/p>","protected":false},"excerpt":{"rendered":"<p>Members are asked to pay a fixed fee per semester to participate in the costs for running the choir. The fees are used to pay for the scores, the video- and audio-files to rehearse with, the directors\u2019 preparatory work, and the rehearsals. Fees for staff who are employed by an organization, or who have retired, [&hellip;]<\/p>\n","protected":false},"author":2,"featured_media":0,"parent":0,"menu_order":0,"comment_status":"closed","ping_status":"closed","template":"","meta":{"site-sidebar-layout":"default","site-content-layout":"","ast-site-content-layout":"default","site-content-style":"default","site-sidebar-style":"default","ast-global-header-display":"","ast-banner-title-visibility":"","ast-main-header-display":"","ast-hfb-above-header-display":"","ast-hfb-below-header-display":"","ast-hfb-mobile-header-display":"","site-post-title":"","ast-breadcrumbs-content":"","ast-featured-img":"","footer-sml-layout":"","theme-transparent-header-meta":"","adv-header-id-meta":"","stick-header-meta":"","header-above-stick-meta":"","header-main-stick-meta":"","header-below-stick-meta":"","astra-migrate-meta-layouts":"set","ast-page-background-enabled":"default","ast-page-background-meta":{"desktop":{"background-color":"var(--ast-global-color-4)","background-image":"","background-repeat":"repeat","background-position":"center center","background-size":"auto","background-attachment":"scroll","background-type":"","background-media":"","overlay-type":"","overlay-color":"","overlay-gradient":""},"tablet":{"background-color":"","background-image":"","background-repeat":"repeat","background-position":"center center","background-size":"auto","background-attachment":"scroll","background-type":"","background-media":"","overlay-type":"","overlay-color":"","overlay-gradient":""},"mobile":{"background-color":"","background-image":"","background-repeat":"repeat","background-position":"center center","background-size":"auto","background-attachment":"scroll","background-type":"","background-media":"","overlay-type":"","overlay-color":"","overlay-gradient":""}},"ast-content-background-meta":{"desktop":{"background-color":"var(--ast-global-color-5)","background-image":"","background-repeat":"repeat","background-position":"center center","background-size":"auto","background-attachment":"scroll","background-type":"","background-media":"","overlay-type":"","overlay-color":"","overlay-gradient":""},"tablet":{"background-color":"var(--ast-global-color-5)","background-image":"","background-repeat":"repeat","background-position":"center center","background-size":"auto","background-attachment":"scroll","background-type":"","background-media":"","overlay-type":"","overlay-color":"","overlay-gradient":""},"mobile":{"background-color":"var(--ast-global-color-5)","background-image":"","background-repeat":"repeat","background-position":"center center","background-size":"auto","background-attachment":"scroll","background-type":"","background-media":"","overlay-type":"","overlay-color":"","overlay-gradient":""}},"footnotes":""},"class_list":["post-1846","page","type-page","status-publish","hentry"],"_links":{"self":[{"href":"https:\/\/cr-choir.choraltime.ch\/fr\/wp-json\/wp\/v2\/pages\/1846","targetHints":{"allow":["GET"]}}],"collection":[{"href":"https:\/\/cr-choir.choraltime.ch\/fr\/wp-json\/wp\/v2\/pages"}],"about":[{"href":"https:\/\/cr-choir.choraltime.ch\/fr\/wp-json\/wp\/v2\/types\/page"}],"author":[{"embeddable":true,"href":"https:\/\/cr-choir.choraltime.ch\/fr\/wp-json\/wp\/v2\/users\/2"}],"replies":[{"embeddable":true,"href":"https:\/\/cr-choir.choraltime.ch\/fr\/wp-json\/wp\/v2\/comments?post=1846"}],"version-history":[{"count":16,"href":"https:\/\/cr-choir.choraltime.ch\/fr\/wp-json\/wp\/v2\/pages\/1846\/revisions"}],"predecessor-version":[{"id":2073,"href":"https:\/\/cr-choir.choraltime.ch\/fr\/wp-json\/wp\/v2\/pages\/1846\/revisions\/2073"}],"wp:attachment":[{"href":"https:\/\/cr-choir.choraltime.ch\/fr\/wp-json\/wp\/v2\/media?parent=1846"}],"curies":[{"name":"wp","href":"https:\/\/api.w.org\/{rel}","templated":true}]}}