{"id":1860,"date":"2023-01-12T13:33:37","date_gmt":"2023-01-12T12:33:37","guid":{"rendered":"https:\/\/cr-choir.choraltime.ch\/?page_id=1860"},"modified":"2025-10-16T08:25:06","modified_gmt":"2025-10-16T06:25:06","slug":"scores","status":"publish","type":"page","link":"https:\/\/cr-choir.choraltime.ch\/fr\/scores\/","title":{"rendered":"Partitions et guides m\u00e9lodiques"},"content":{"rendered":"<div class=\"wp-block-buttons is-layout-flex wp-block-buttons-is-layout-flex\">\n<div class=\"wp-block-button is-style-fill\"><a class=\"wp-block-button__link has-vivid-red-background-color has-background has-text-align-center wp-element-button\" href=\"https:\/\/choraltime.ch\/rcrc-choir-25-26\/\" style=\"border-radius:37px\" target=\"_blank\" rel=\"noreferrer noopener\">LOGIN<\/a><\/div>\n<\/div>\n\n\n\n<figure class=\"wp-block-image alignright size-full is-resized\"><img loading=\"lazy\" decoding=\"async\" width=\"818\" height=\"644\" src=\"https:\/\/cr-choir.choraltime.ch\/wp-content\/uploads\/2023\/01\/Logo.members3.png\" alt=\"\" class=\"wp-image-1853\" style=\"width:160px;height:126px\" srcset=\"https:\/\/cr-choir.choraltime.ch\/wp-content\/uploads\/2023\/01\/Logo.members3.png 818w, https:\/\/cr-choir.choraltime.ch\/wp-content\/uploads\/2023\/01\/Logo.members3-300x236.png 300w, https:\/\/cr-choir.choraltime.ch\/wp-content\/uploads\/2023\/01\/Logo.members3-768x605.png 768w\" sizes=\"auto, (max-width: 818px) 100vw, 818px\" \/><\/figure>\n\n\n\n<p class=\"has-text-align-left has-medium-font-size\"><br>Les membres et les invit\u00e9s de la chorale ont acc\u00e8s \u00e0 l'espace de travail de la chorale. <strong>les partitions au format PDF<\/strong> ainsi qu'au <strong>guides audio au format mp3<\/strong> faciliter la pr\u00e9paration individuelle des pi\u00e8ces musicales.<br><br>Ils ont \u00e9galement acc\u00e8s \u00e0 certaines <strong>Guides interactifs MyriadWeb<\/strong> pour r\u00e9p\u00e9ter et quelques <strong>vid\u00e9os <\/strong>avec des informations compl\u00e9mentaires pour une bonne pratique chorale. <strong>MyriadWeb<\/strong> est une interface interactive qui permet de voir la partition et de suivre sa progression tout en \u00e9coutant les voix mixtes. Elle permet de modifier les param\u00e8tres pour n'entendre qu'une voix ou plusieurs voix en m\u00eame temps, de cr\u00e9er des boucles pour apprendre une phrase sp\u00e9cifique, etc.<\/p>\n\n\n\n<p><\/p>\n\n\n\n<p><\/p>","protected":false},"excerpt":{"rendered":"<p>The members and guests of the Choir have access to the scores in PDF format as well as to the audio guides in mp3 format to facilitate the individual preparation of the musical pieces. They also have access to some MyriadWeb interactive guides to rehearse with and some videos with additional information for good choral [&hellip;]<\/p>\n","protected":false},"author":2,"featured_media":0,"parent":0,"menu_order":0,"comment_status":"closed","ping_status":"closed","template":"","meta":{"site-sidebar-layout":"default","site-content-layout":"","ast-site-content-layout":"default","site-content-style":"default","site-sidebar-style":"default","ast-global-header-display":"","ast-banner-title-visibility":"","ast-main-header-display":"","ast-hfb-above-header-display":"","ast-hfb-below-header-display":"","ast-hfb-mobile-header-display":"","site-post-title":"","ast-breadcrumbs-content":"","ast-featured-img":"","footer-sml-layout":"","theme-transparent-header-meta":"","adv-header-id-meta":"","stick-header-meta":"","header-above-stick-meta":"","header-main-stick-meta":"","header-below-stick-meta":"","astra-migrate-meta-layouts":"set","ast-page-background-enabled":"default","ast-page-background-meta":{"desktop":{"background-color":"var(--ast-global-color-4)","background-image":"","background-repeat":"repeat","background-position":"center center","background-size":"auto","background-attachment":"scroll","background-type":"","background-media":"","overlay-type":"","overlay-color":"","overlay-gradient":""},"tablet":{"background-color":"","background-image":"","background-repeat":"repeat","background-position":"center center","background-size":"auto","background-attachment":"scroll","background-type":"","background-media":"","overlay-type":"","overlay-color":"","overlay-gradient":""},"mobile":{"background-color":"","background-image":"","background-repeat":"repeat","background-position":"center center","background-size":"auto","background-attachment":"scroll","background-type":"","background-media":"","overlay-type":"","overlay-color":"","overlay-gradient":""}},"ast-content-background-meta":{"desktop":{"background-color":"var(--ast-global-color-5)","background-image":"","background-repeat":"repeat","background-position":"center center","background-size":"auto","background-attachment":"scroll","background-type":"","background-media":"","overlay-type":"","overlay-color":"","overlay-gradient":""},"tablet":{"background-color":"var(--ast-global-color-5)","background-image":"","background-repeat":"repeat","background-position":"center center","background-size":"auto","background-attachment":"scroll","background-type":"","background-media":"","overlay-type":"","overlay-color":"","overlay-gradient":""},"mobile":{"background-color":"var(--ast-global-color-5)","background-image":"","background-repeat":"repeat","background-position":"center center","background-size":"auto","background-attachment":"scroll","background-type":"","background-media":"","overlay-type":"","overlay-color":"","overlay-gradient":""}},"footnotes":""},"class_list":["post-1860","page","type-page","status-publish","hentry"],"_links":{"self":[{"href":"https:\/\/cr-choir.choraltime.ch\/fr\/wp-json\/wp\/v2\/pages\/1860","targetHints":{"allow":["GET"]}}],"collection":[{"href":"https:\/\/cr-choir.choraltime.ch\/fr\/wp-json\/wp\/v2\/pages"}],"about":[{"href":"https:\/\/cr-choir.choraltime.ch\/fr\/wp-json\/wp\/v2\/types\/page"}],"author":[{"embeddable":true,"href":"https:\/\/cr-choir.choraltime.ch\/fr\/wp-json\/wp\/v2\/users\/2"}],"replies":[{"embeddable":true,"href":"https:\/\/cr-choir.choraltime.ch\/fr\/wp-json\/wp\/v2\/comments?post=1860"}],"version-history":[{"count":13,"href":"https:\/\/cr-choir.choraltime.ch\/fr\/wp-json\/wp\/v2\/pages\/1860\/revisions"}],"predecessor-version":[{"id":2076,"href":"https:\/\/cr-choir.choraltime.ch\/fr\/wp-json\/wp\/v2\/pages\/1860\/revisions\/2076"}],"wp:attachment":[{"href":"https:\/\/cr-choir.choraltime.ch\/fr\/wp-json\/wp\/v2\/media?parent=1860"}],"curies":[{"name":"wp","href":"https:\/\/api.w.org\/{rel}","templated":true}]}}